{"id":1066,"date":"2021-07-05T16:16:51","date_gmt":"2021-07-05T14:16:51","guid":{"rendered":"https:\/\/www.weingut-willi-schaefer.de\/eulle\/"},"modified":"2021-07-05T16:16:51","modified_gmt":"2021-07-05T14:16:51","slug":"eulle","status":"publish","type":"page","link":"https:\/\/www.weingut-willi-schaefer.de\/en\/eulle\/","title":{"rendered":"EULLE"},"content":{"rendered":"\n<h2 class=\"wp-block-heading\">Kofinanzierung durch das Land<\/h2>\n\n\n\n<p>Unser Unternehmen Weingut Willi Schaefer erh\u00e4lt im Rahmen des vom Ministerium f\u00fcr Wirtschaft, Verkehr, Landwirtschaft und Weinbau verwalteten rheinland-pf\u00e4lzischen Entwicklungsprogramms \u201eUmweltma\u00dfnahmen, L\u00e4ndliche Entwicklung, Landwirtschaft, Ern\u00e4hrung\u201c (EULLE) durch den Europ\u00e4ischen Landwirtschaftsfonds f\u00fcr die Entwicklung des l\u00e4ndlichen Raums (ELER) kofinanziert durch das Land, eine F\u00f6rderung f\u00fcr seine Leistungen:<br><em>Umweltschonende Bewirtschaftung der Steil- und Steilstlagenfl\u00e4chen im Weinbau<\/em><\/p>\n\n\n\n<figure class=\"wp-block-image size-full u-mt-3\"><img loading=\"lazy\" decoding=\"async\" width=\"864\" height=\"140\" src=\"https:\/\/www.weingut-willi-schaefer.de\/wp-content\/uploads\/2021\/09\/EULLE.jpg\" alt=\"Logos Europ\u00e4ische Union ELER und Rheinland-Pfalz\" class=\"wp-image-1057\" srcset=\"https:\/\/www.weingut-willi-schaefer.de\/wp-content\/uploads\/2021\/09\/EULLE.jpg 864w, https:\/\/www.weingut-willi-schaefer.de\/wp-content\/uploads\/2021\/09\/EULLE-300x49.jpg 300w, https:\/\/www.weingut-willi-schaefer.de\/wp-content\/uploads\/2021\/09\/EULLE-768x124.jpg 768w, https:\/\/www.weingut-willi-schaefer.de\/wp-content\/uploads\/2021\/09\/EULLE-720x117.jpg 720w\" sizes=\"auto, (max-width: 864px) 100vw, 864px\" \/><\/figure>\n\n\n\n<p><\/p>\n","protected":false},"excerpt":{"rendered":"<p>Kofinanzierung durch das Land Unser Unternehmen Weingut Willi Schaefer erh\u00e4lt im Rahmen des vom Ministerium f\u00fcr Wirtschaft, Verkehr, Landwirtschaft und Weinbau verwalteten rheinland-pf\u00e4lzischen Entwicklungsprogramms \u201eUmweltma\u00dfnahmen, L\u00e4ndliche Entwicklung, Landwirtschaft, Ern\u00e4hrung\u201c (EULLE) durch den Europ\u00e4ischen Landwirtschaftsfonds f\u00fcr die Entwicklung des l\u00e4ndlichen Raums (ELER) kofinanziert durch das Land, eine F\u00f6rderung f\u00fcr seine Leistungen:Umweltschonende Bewirtschaftung der Steil- und Steilstlagenfl\u00e4chen [&hellip;]<\/p>\n","protected":false},"author":1,"featured_media":0,"parent":0,"menu_order":0,"comment_status":"closed","ping_status":"closed","template":"","meta":{"_acf_changed":false,"inline_featured_image":false,"footnotes":""},"class_list":["post-1066","page","type-page","status-publish","hentry"],"acf":[],"_links":{"self":[{"href":"https:\/\/www.weingut-willi-schaefer.de\/en\/wp-json\/wp\/v2\/pages\/1066","targetHints":{"allow":["GET"]}}],"collection":[{"href":"https:\/\/www.weingut-willi-schaefer.de\/en\/wp-json\/wp\/v2\/pages"}],"about":[{"href":"https:\/\/www.weingut-willi-schaefer.de\/en\/wp-json\/wp\/v2\/types\/page"}],"author":[{"embeddable":true,"href":"https:\/\/www.weingut-willi-schaefer.de\/en\/wp-json\/wp\/v2\/users\/1"}],"replies":[{"embeddable":true,"href":"https:\/\/www.weingut-willi-schaefer.de\/en\/wp-json\/wp\/v2\/comments?post=1066"}],"version-history":[{"count":0,"href":"https:\/\/www.weingut-willi-schaefer.de\/en\/wp-json\/wp\/v2\/pages\/1066\/revisions"}],"wp:attachment":[{"href":"https:\/\/www.weingut-willi-schaefer.de\/en\/wp-json\/wp\/v2\/media?parent=1066"}],"curies":[{"name":"wp","href":"https:\/\/api.w.org\/{rel}","templated":true}]}}